{"id":282,"date":"2016-07-15T11:32:27","date_gmt":"2016-07-15T10:32:27","guid":{"rendered":"http:\/\/www.reno-cardan.ch\/?page_id=282&#038;lang=de"},"modified":"2026-02-05T11:37:55","modified_gmt":"2026-02-05T10:37:55","slug":"reno-cardan","status":"publish","type":"page","link":"https:\/\/equilibrage-industriel.ch\/de\/","title":{"rendered":"Home"},"content":{"rendered":"<div id='full_slider_1'  class='avia-fullwidth-slider main_color avia-shadow   avia-builder-el-0  el_before_av_layout_row  avia-builder-el-first   container_wrap fullsize'  ><div  class='avia-slideshow av-4x9qi2-7af8b1d0db3629ddfa154fb878cc090c avia-slideshow-featured av_slideshow_full avia-slide-slider av-slideshow-ui av-control-default av-slideshow-manual av-loop-once av-loop-manual-endless av-default-height-applied   avia-slideshow-1' data-slideshow-options=\"{&quot;animation&quot;:&quot;slide&quot;,&quot;autoplay&quot;:false,&quot;loop_autoplay&quot;:&quot;once&quot;,&quot;interval&quot;:5,&quot;loop_manual&quot;:&quot;manual-endless&quot;,&quot;autoplay_stopper&quot;:false,&quot;noNavigation&quot;:false,&quot;bg_slider&quot;:false,&quot;keep_padding&quot;:false,&quot;hoverpause&quot;:false,&quot;show_slide_delay&quot;:0}\"  itemprop=\"image\" itemscope=\"itemscope\" itemtype=\"https:\/\/schema.org\/ImageObject\" ><ul class='avia-slideshow-inner ' style='padding-bottom: 28.666666666667%;'><li  class='avia-slideshow-slide av-4x9qi2-7af8b1d0db3629ddfa154fb878cc090c__0  av-single-slide slide-1 slide-odd'><div data-rel='slideshow-1' class='avia-slide-wrap '   ><div class='av-slideshow-caption av-4x9qi2-7af8b1d0db3629ddfa154fb878cc090c__0 caption_fullwidth caption_right caption_right_framed caption_framed'><div class=\"container caption_container\"><div class=\"slideshow_caption\"><div class=\"slideshow_inner_caption\"><div class=\"slideshow_align_caption\"><h2 class='avia-caption-title '  itemprop=\"name\" >Antriebswellen - Gelenkwellen \u2013 Industrielles Auswuchten<\/h2><\/div><\/div><\/div><\/div><\/div><img decoding=\"async\" fetchpriority=\"high\" class=\"wp-image-2401 avia-img-lazy-loading-not-2401\"  src=\"https:\/\/equilibrage-industriel.ch\/wp\/wp-content\/uploads\/2016\/02\/reno_cardan_bk-1-1500x430.jpg\" width=\"1500\" height=\"430\" title='reno_cardan_bk' alt=''  itemprop=\"thumbnailUrl\"  style='min-height:300px; min-width:1047px; ' \/><\/div><\/li><\/ul><\/div><\/div>\n<div id='home-services'  class='av-layout-grid-container av-4j1cii-f41f9bbcc3059631b7637895764155de entry-content-wrapper main_color av-flex-cells  avia-builder-el-1  el_after_av_slideshow_full  el_before_av_section  grid-row-not-first  container_wrap fullsize'  >\n\n<style type=\"text\/css\" data-created_by=\"avia_inline_auto\" id=\"style-css-av-4dt51u-9720812f42de437cae740a3605e921df\">\n.flex_cell.av-4dt51u-9720812f42de437cae740a3605e921df{\nvertical-align:top;\n}\n.responsive #top #wrap_all .flex_cell.av-4dt51u-9720812f42de437cae740a3605e921df{\npadding:-30px 10px 10px 10px !important;\n}\n<\/style>\n<div class='flex_cell av-4dt51u-9720812f42de437cae740a3605e921df av-gridrow-cell av_one_third no_margin  avia-builder-el-2  el_before_av_cell_one_third  avia-builder-el-first  content-align-top'  ><div class='flex_cell_inner'><section  class='av_textblock_section av-48gwiy-745e4f22bf3bc4328e994bba7af7b5cc '   itemscope=\"itemscope\" itemtype=\"https:\/\/schema.org\/CreativeWork\" ><div class='avia_textblock'  itemprop=\"text\" ><h3 style=\"text-align: center;\"><strong>\u00dcberpr\u00fcfung von Gelenkwellen<\/strong><\/h3>\n<\/div><\/section><br \/>\n\n<style type=\"text\/css\" data-created_by=\"avia_inline_auto\" id=\"style-css-av-41bscq-e474c194ae1c645d2cc64cb5fd2f0b8c\">\n.avia-image-container.av-41bscq-e474c194ae1c645d2cc64cb5fd2f0b8c img.avia_image{\nbox-shadow:none;\n}\n.avia-image-container.av-41bscq-e474c194ae1c645d2cc64cb5fd2f0b8c .av-image-caption-overlay-center{\ncolor:#ffffff;\n}\n<\/style>\n<div  class='avia-image-container av-41bscq-e474c194ae1c645d2cc64cb5fd2f0b8c av-styling- av-img-linked avia-align-center  avia-builder-el-4  el_after_av_textblock  el_before_av_hr '   itemprop=\"image\" itemscope=\"itemscope\" itemtype=\"https:\/\/schema.org\/ImageObject\" ><div class=\"avia-image-container-inner\"><div class=\"avia-image-overlay-wrap\"><a href=\"https:\/\/equilibrage-industriel.ch\/revision-de-cardans\/\" class='avia_image '  aria-label='equilibrage_en_atelier'><img decoding=\"async\" fetchpriority=\"high\" class='wp-image-2398 avia-img-lazy-loading-not-2398 avia_image ' src=\"https:\/\/equilibrage-industriel.ch\/wp\/wp-content\/uploads\/2016\/02\/equilibrage_en_atelier-495x400.jpg\" alt='' title='equilibrage_en_atelier'  height=\"400\" width=\"495\"  itemprop=\"thumbnailUrl\"  \/><\/a><\/div><\/div><\/div><br \/>\n\n<style type=\"text\/css\" data-created_by=\"avia_inline_auto\" id=\"style-css-av-3wpj0i-bae1e5ccb752e9e0950c1df2f5d824c2\">\n#top .hr.av-3wpj0i-bae1e5ccb752e9e0950c1df2f5d824c2{\nmargin-top:5px;\nmargin-bottom:5px;\n}\n.hr.av-3wpj0i-bae1e5ccb752e9e0950c1df2f5d824c2 .hr-inner{\nwidth:50px;\nmax-width:45%;\n}\n<\/style>\n<div  class='hr av-3wpj0i-bae1e5ccb752e9e0950c1df2f5d824c2 hr-custom  avia-builder-el-5  el_after_av_image  el_before_av_textblock  hr-center hr-icon-yes'><span class='hr-inner inner-border-av-border-thin'><span class=\"hr-inner-style\"><\/span><\/span><span class='av-seperator-icon avia-iconfont avia-font-entypo-fontello' data-av_icon='\ue808' data-av_iconfont='entypo-fontello' ><\/span><span class='hr-inner inner-border-av-border-thin'><span class=\"hr-inner-style\"><\/span><\/span><\/div><br \/>\n<section  class='av_textblock_section av-3q7cgi-49f9bf9e2a71044efc2be2dcf0fa5b5b '   itemscope=\"itemscope\" itemtype=\"https:\/\/schema.org\/CreativeWork\" ><div class='avia_textblock'  itemprop=\"text\" ><p>Reno-Cardan f\u00fchrt fachgerechte Reparaturen von Gelenkwellen durch, die Ihren Anlagen oder Fahrzeugen angepasst sind (LKWs, Busse, landwirtschaftliche Maschinen, Baumaschinen oder jegliche anderen Bef\u00f6rderungsmittel).<\/p>\n<\/div><\/section><\/p>\n<\/div><\/div>\n<style type=\"text\/css\" data-created_by=\"avia_inline_auto\" id=\"style-css-av-3mdhhu-2fd9a85f37fc5b9853c4811ce2956dad\">\n.flex_cell.av-3mdhhu-2fd9a85f37fc5b9853c4811ce2956dad{\nvertical-align:top;\n}\n.responsive #top #wrap_all .flex_cell.av-3mdhhu-2fd9a85f37fc5b9853c4811ce2956dad{\npadding:-30px 30px 30px 30px !important;\n}\n<\/style>\n<div class='flex_cell av-3mdhhu-2fd9a85f37fc5b9853c4811ce2956dad av-gridrow-cell av_one_third no_margin  avia-builder-el-7  el_after_av_cell_one_third  el_before_av_cell_one_third  content-align-top'  ><div class='flex_cell_inner'><section  class='av_textblock_section av-chvfm-9c6370d53c2ce47a35c95d24610b45a4 '   itemscope=\"itemscope\" itemtype=\"https:\/\/schema.org\/CreativeWork\" ><div class='avia_textblock'  itemprop=\"text\" ><h3 style=\"text-align: center;\">Auswuchten in der Werkstatt<\/h3>\n<\/div><\/section><br \/>\n\n<style type=\"text\/css\" data-created_by=\"avia_inline_auto\" id=\"style-css-av-3a0eci-f129839d8f93818685cd6193ae429984\">\n.avia-image-container.av-3a0eci-f129839d8f93818685cd6193ae429984 img.avia_image{\nbox-shadow:none;\n}\n.avia-image-container.av-3a0eci-f129839d8f93818685cd6193ae429984 .av-image-caption-overlay-center{\ncolor:#ffffff;\n}\n<\/style>\n<div  class='avia-image-container av-3a0eci-f129839d8f93818685cd6193ae429984 av-styling- av-img-linked avia-align-center  avia-builder-el-9  el_after_av_textblock  el_before_av_hr '   itemprop=\"image\" itemscope=\"itemscope\" itemtype=\"https:\/\/schema.org\/ImageObject\" ><div class=\"avia-image-container-inner\"><div class=\"avia-image-overlay-wrap\"><a href=\"https:\/\/equilibrage-industriel.ch\/equilibrage\/\" class='avia_image '  aria-label='equilibrage_cardan'><img decoding=\"async\" fetchpriority=\"high\" class='wp-image-2402 avia-img-lazy-loading-not-2402 avia_image ' src=\"https:\/\/equilibrage-industriel.ch\/wp\/wp-content\/uploads\/2016\/02\/equilibrage_cardan-2-495x400.jpg\" alt='' title='equilibrage_cardan'  height=\"400\" width=\"495\"  itemprop=\"thumbnailUrl\" srcset=\"https:\/\/equilibrage-industriel.ch\/wp\/wp-content\/uploads\/2016\/02\/equilibrage_cardan-2-495x400.jpg 495w, https:\/\/equilibrage-industriel.ch\/wp\/wp-content\/uploads\/2016\/02\/equilibrage_cardan-2-845x684.jpg 845w\" sizes=\"(max-width: 495px) 100vw, 495px\" \/><\/a><\/div><\/div><\/div><br \/>\n\n<style type=\"text\/css\" data-created_by=\"avia_inline_auto\" id=\"style-css-av-30fq62-c5717684eb7ca724b4ef2ed3ac011c87\">\n#top .hr.av-30fq62-c5717684eb7ca724b4ef2ed3ac011c87{\nmargin-top:5px;\nmargin-bottom:5px;\n}\n.hr.av-30fq62-c5717684eb7ca724b4ef2ed3ac011c87 .hr-inner{\nwidth:50px;\nmax-width:45%;\n}\n<\/style>\n<div  class='hr av-30fq62-c5717684eb7ca724b4ef2ed3ac011c87 hr-custom  avia-builder-el-10  el_after_av_image  el_before_av_textblock  hr-center hr-icon-yes'><span class='hr-inner inner-border-av-border-thin'><span class=\"hr-inner-style\"><\/span><\/span><span class='av-seperator-icon avia-iconfont avia-font-entypo-fontello' data-av_icon='\ue808' data-av_iconfont='entypo-fontello' ><\/span><span class='hr-inner inner-border-av-border-thin'><span class=\"hr-inner-style\"><\/span><\/span><\/div><br \/>\n<section  class='av_textblock_section av-2v8gnm-544dd2cab17aa51b6f9eed12825de713 '   itemscope=\"itemscope\" itemtype=\"https:\/\/schema.org\/CreativeWork\" ><div class='avia_textblock'  itemprop=\"text\" ><p>Das dynamische Auswuchten wird von Reno-Cardan auf unseren Pr\u00fcfb\u00e4nken f\u00fcr kleinere Werkst\u00fccke mit einem Gewicht von ein paar hundert Gramm bis hin zu St\u00fccken von zwei Metern Durchmesser und einer L\u00e4nge von 4800 mm zwischen Lagern mit einem Gewicht von bis zu 2000 kg in unserer Werkstatt durchgef\u00fchrt.<\/p>\n<\/div><\/section><\/p>\n<\/div><\/div>\n<style type=\"text\/css\" data-created_by=\"avia_inline_auto\" id=\"style-css-av-2p3c0a-030f70ee1e5d05aeabfedf4a0a972adf\">\n.flex_cell.av-2p3c0a-030f70ee1e5d05aeabfedf4a0a972adf{\nvertical-align:top;\n}\n.responsive #top #wrap_all .flex_cell.av-2p3c0a-030f70ee1e5d05aeabfedf4a0a972adf{\npadding:-60px 30px 30px 30px !important;\n}\n<\/style>\n<div class='flex_cell av-2p3c0a-030f70ee1e5d05aeabfedf4a0a972adf av-gridrow-cell av_one_third no_margin  avia-builder-el-12  el_after_av_cell_one_third  avia-builder-el-last  content-align-top'  ><div class='flex_cell_inner'><section  class='av_textblock_section av-95gk2-8fb80a13935c58af32b4960a8a026774 '   itemscope=\"itemscope\" itemtype=\"https:\/\/schema.org\/CreativeWork\" ><div class='avia_textblock'  itemprop=\"text\" ><h3 style=\"text-align: center;\">Auswuchten vor Ort<\/h3>\n<\/div><\/section><br \/>\n\n<style type=\"text\/css\" data-created_by=\"avia_inline_auto\" id=\"style-css-av-2cccuy-9408db79b6e82845cfb219d56813e606\">\n.avia-image-container.av-2cccuy-9408db79b6e82845cfb219d56813e606 img.avia_image{\nbox-shadow:none;\n}\n.avia-image-container.av-2cccuy-9408db79b6e82845cfb219d56813e606 .av-image-caption-overlay-center{\ncolor:#ffffff;\n}\n<\/style>\n<div  class='avia-image-container av-2cccuy-9408db79b6e82845cfb219d56813e606 av-styling- av-img-linked avia-align-center  avia-builder-el-14  el_after_av_textblock  el_before_av_hr '   itemprop=\"image\" itemscope=\"itemscope\" itemtype=\"https:\/\/schema.org\/ImageObject\" ><div class=\"avia-image-container-inner\"><div class=\"avia-image-overlay-wrap\"><a href=\"https:\/\/equilibrage-industriel.ch\/equilibrage\/\" class='avia_image '  aria-label='equilibrage_sur_site'><img decoding=\"async\" fetchpriority=\"high\" class='wp-image-2399 avia-img-lazy-loading-not-2399 avia_image ' src=\"https:\/\/equilibrage-industriel.ch\/wp\/wp-content\/uploads\/2016\/02\/equilibrage_sur_site-495x400.jpg\" alt='' title='equilibrage_sur_site'  height=\"400\" width=\"495\"  itemprop=\"thumbnailUrl\"  \/><\/a><\/div><\/div><\/div><br \/>\n\n<style type=\"text\/css\" data-created_by=\"avia_inline_auto\" id=\"style-css-av-7ua96-ece59fd6df86cf41bff464c8b91cb9d5\">\n#top .hr.av-7ua96-ece59fd6df86cf41bff464c8b91cb9d5{\nmargin-top:5px;\nmargin-bottom:5px;\n}\n.hr.av-7ua96-ece59fd6df86cf41bff464c8b91cb9d5 .hr-inner{\nwidth:50px;\nmax-width:45%;\n}\n<\/style>\n<div  class='hr av-7ua96-ece59fd6df86cf41bff464c8b91cb9d5 hr-custom  avia-builder-el-15  el_after_av_image  el_before_av_textblock  hr-center hr-icon-yes'><span class='hr-inner inner-border-av-border-thin'><span class=\"hr-inner-style\"><\/span><\/span><span class='av-seperator-icon avia-iconfont avia-font-entypo-fontello' data-av_icon='\ue808' data-av_iconfont='entypo-fontello' ><\/span><span class='hr-inner inner-border-av-border-thin'><span class=\"hr-inner-style\"><\/span><\/span><\/div><br \/>\n<section  class='av_textblock_section av-23higq-14895ed991e98e69644a82fb1b783a7a '   itemscope=\"itemscope\" itemtype=\"https:\/\/schema.org\/CreativeWork\" ><div class='avia_textblock'  itemprop=\"text\" ><p style=\"text-align: justify;\">Wir besitzen eine tragbare Auswuchtmaschine f\u00fcr die Diagnostik oder die Einstellung vor Ort, ohne Demontierung der Anlagen. Das Auswuchten wird somit vor Ort unter realen Betriebsbedingungen durchgef\u00fchrt werden.<\/p>\n<\/div><\/section><\/p>\n<\/div><\/div>\n<\/div>\n\n<style type=\"text\/css\" data-created_by=\"avia_inline_auto\" id=\"style-css-av-1xbrfu-6e54c3671aafe7b5efcf10055a63ae81\">\n.avia-section.av-1xbrfu-6e54c3671aafe7b5efcf10055a63ae81 .av-section-color-overlay{\nopacity:0.1;\n}\n.avia-section.av-1xbrfu-6e54c3671aafe7b5efcf10055a63ae81 .av-extra-border-element .av-extra-border-inner{\nbackground-color:#f2f2f2;\n}\n<\/style>\n<div id='av_section_1'  class='avia-section av-1xbrfu-6e54c3671aafe7b5efcf10055a63ae81 alternate_color avia-section-default avia-shadow  avia-builder-el-17  el_after_av_layout_row  avia-builder-el-last  avia-bg-style-scroll av-section-color-overlay-active av-arrow-down-section container_wrap fullsize'  ><div class=\"av-section-color-overlay-wrap\"><div class=\"av-section-color-overlay\"><\/div><div class='container av-section-cont-open' ><div class='template-page content  av-content-full alpha units'><div class='post-entry post-entry-type-page post-entry-282'><div class='entry-content-wrapper clearfix'>\n\n<style type=\"text\/css\" data-created_by=\"avia_inline_auto\" id=\"style-css-av-1ojbgq-b3c3fd57b9f5009d64bea1e3aa14ca8a\">\n.flex_column.av-1ojbgq-b3c3fd57b9f5009d64bea1e3aa14ca8a{\nborder-radius:0px 0px 0px 0px;\npadding:0px 0px 0px 0px;\n}\n<\/style>\n<div  class='flex_column av-1ojbgq-b3c3fd57b9f5009d64bea1e3aa14ca8a av_one_half  avia-builder-el-18  el_before_av_one_half  avia-builder-el-first  first flex_column_div av-zero-column-padding  '     ><section  class='av_textblock_section av-1m5ncy-3c0084d68ee18fa9eeebf6361d2cb91c '   itemscope=\"itemscope\" itemtype=\"https:\/\/schema.org\/CreativeWork\" ><div class='avia_textblock'  itemprop=\"text\" ><h2 style=\"text-align: right;\">Qualit\u00e4t und Dienstleistungen seit 30 Jahren<\/h2>\n<\/div><\/section><br \/>\n<div  class='hr av-1hb46i-d548d008d46620023457752f3ea8a1dc hr-short  avia-builder-el-20  el_after_av_textblock  el_before_av_textblock  hr-right'><span class='hr-inner '><span class=\"hr-inner-style\"><\/span><\/span><\/div><br \/>\n<section  class='av_textblock_section av-1a9oq2-e8c257506885b609eeb6d5f98c0ca53c '   itemscope=\"itemscope\" itemtype=\"https:\/\/schema.org\/CreativeWork\" ><div class='avia_textblock'  itemprop=\"text\" ><p>Reno Cardan ist ein Spezialist f\u00fcr die Wartung und Reparatur von Gelenkwellen sowie das statische und dynamische Auswuchten. Unser Unternehmen hat seinen Sitz in der Romandie und erf\u00fcllt alle Anforderungen unserer Kunden dank seines einzigartigen Know-hows.<\/p>\n<p>Reno Cardan ist ein gut ausgestattetes, reaktionsschnelles und kompetentes Unternehmen, das Ihre Bed\u00fcrfnisse im Zusammenhang mit Wartung und Reparaturen erf\u00fcllen wird.<\/p>\n<\/div><\/section><\/p><\/div>\n<style type=\"text\/css\" data-created_by=\"avia_inline_auto\" id=\"style-css-av-ea3u-0c0066e74bf887014ee8e34318c5e775\">\n.flex_column.av-ea3u-0c0066e74bf887014ee8e34318c5e775{\nborder-radius:0px 0px 0px 0px;\npadding:0px 0px 0px 0px;\n}\n<\/style>\n<div  class='flex_column av-ea3u-0c0066e74bf887014ee8e34318c5e775 av_one_half  avia-builder-el-22  el_after_av_one_half  el_before_av_hr  flex_column_div av-zero-column-padding  '     ><p>\n<style type=\"text\/css\" data-created_by=\"avia_inline_auto\" id=\"style-css-av-zoooa-40852ac971cffb47fb87c9e56faf46d3\">\n.avia-image-container.av-zoooa-40852ac971cffb47fb87c9e56faf46d3 img.avia_image{\nbox-shadow:none;\n}\n.avia-image-container.av-zoooa-40852ac971cffb47fb87c9e56faf46d3 .av-image-caption-overlay-center{\ncolor:#ffffff;\n}\n<\/style>\n<div  class='avia-image-container av-zoooa-40852ac971cffb47fb87c9e56faf46d3 av-styling- avia-align-center  avia-builder-el-23  el_before_av_hr  avia-builder-el-first '   itemprop=\"image\" itemscope=\"itemscope\" itemtype=\"https:\/\/schema.org\/ImageObject\" ><div class=\"avia-image-container-inner\"><div class=\"avia-image-overlay-wrap\"><img decoding=\"async\" fetchpriority=\"high\" class='wp-image-1952 avia-img-lazy-loading-not-1952 avia_image ' src=\"https:\/\/equilibrage-industriel.ch\/wp\/wp-content\/uploads\/2023\/12\/B\u00e2timent-2-2023-jpg-1-845x321.jpg\" alt='' title='B\u00e2timent 2 2023 jpg'  height=\"321\" width=\"845\"  itemprop=\"thumbnailUrl\" srcset=\"https:\/\/equilibrage-industriel.ch\/wp\/wp-content\/uploads\/2023\/12\/B\u00e2timent-2-2023-jpg-1-845x321.jpg 845w, https:\/\/equilibrage-industriel.ch\/wp\/wp-content\/uploads\/2023\/12\/B\u00e2timent-2-2023-jpg-1-300x114.jpg 300w, https:\/\/equilibrage-industriel.ch\/wp\/wp-content\/uploads\/2023\/12\/B\u00e2timent-2-2023-jpg-1-1030x391.jpg 1030w, https:\/\/equilibrage-industriel.ch\/wp\/wp-content\/uploads\/2023\/12\/B\u00e2timent-2-2023-jpg-1-1500x570.jpg 1500w, https:\/\/equilibrage-industriel.ch\/wp\/wp-content\/uploads\/2023\/12\/B\u00e2timent-2-2023-jpg-1-705x268.jpg 705w, https:\/\/equilibrage-industriel.ch\/wp\/wp-content\/uploads\/2023\/12\/B\u00e2timent-2-2023-jpg-1-450x171.jpg 450w\" sizes=\"(max-width: 845px) 100vw, 845px\" \/><\/div><\/div><\/div><br \/>\n\n<style type=\"text\/css\" data-created_by=\"avia_inline_auto\" id=\"style-css-av-q4zzm-0c4612dfb8726a9b65c7e491af8c80b0\">\n#top .hr.hr-invisible.av-q4zzm-0c4612dfb8726a9b65c7e491af8c80b0{\nheight:20px;\n}\n<\/style>\n<div  class='hr av-q4zzm-0c4612dfb8726a9b65c7e491af8c80b0 hr-invisible  avia-builder-el-24  el_after_av_image  el_before_av_button '><span class='hr-inner '><span class=\"hr-inner-style\"><\/span><\/span><\/div><br \/>\n<div  class='avia-button-wrap av-j0trm-eb7c6e95c850135869dced9b22e8cb5c-wrap avia-button-right  avia-builder-el-25  el_after_av_hr  avia-builder-el-last '><a href='http:\/\/www.reno-cardan.ch\/360'  class='avia-button av-j0trm-eb7c6e95c850135869dced9b22e8cb5c av-link-btn avia-icon_select-yes-right-icon avia-size-large avia-position-right avia-color-theme-color'  target=\"_blank\"  rel=\"noopener noreferrer\"  aria-label=\"360\u00b0 Besuch\"><span class='avia_iconbox_title' >360\u00b0 Besuch<\/span><span class='avia_button_icon avia_button_icon_right avia-iconfont avia-font-entypo-fontello' data-av_icon='\ue844' data-av_iconfont='entypo-fontello' ><\/span><\/a><\/div><\/p><\/div><div  class='hr av-6k2oa-690cd2a687a5e6997ead41e3306e46c3 hr-short  avia-builder-el-26  el_after_av_one_half  avia-builder-el-last  hr-right'><span class='hr-inner '><span class=\"hr-inner-style\"><\/span><\/span><\/div>\n\n","protected":false},"excerpt":{"rendered":"","protected":false},"author":1,"featured_media":0,"parent":0,"menu_order":0,"comment_status":"closed","ping_status":"closed","template":"","meta":{"footnotes":""},"class_list":["post-282","page","type-page","status-publish","hentry"],"yoast_head":"<!-- This site is optimized with the Yoast SEO plugin v26.9 - https:\/\/yoast.com\/product\/yoast-seo-wordpress\/ -->\n<title>Home - Reno-Cardan S\u00e0rl<\/title>\n<meta name=\"description\" content=\"Dynamisches Auswuchten vor Ort \u2013 ohne Demontage, unter Realbedingungen. Pr\u00e4zision bis 2000 kg. Reno-Cardan: Termin sichern.\" \/>\n<meta name=\"robots\" content=\"index, follow, max-snippet:-1, max-image-preview:large, max-video-preview:-1\" \/>\n<link rel=\"canonical\" href=\"https:\/\/reno-cardan.ch\/de\/\" \/>\n<meta property=\"og:locale\" content=\"de_DE\" \/>\n<meta property=\"og:type\" content=\"article\" \/>\n<meta property=\"og:title\" content=\"Home - Reno-Cardan S\u00e0rl\" \/>\n<meta property=\"og:description\" content=\"Dynamisches Auswuchten vor Ort \u2013 ohne Demontage, unter Realbedingungen. Pr\u00e4zision bis 2000 kg. Reno-Cardan: Termin sichern.\" \/>\n<meta property=\"og:url\" content=\"https:\/\/reno-cardan.ch\/de\/\" \/>\n<meta property=\"og:site_name\" content=\"Reno-Cardan S\u00e0rl\" \/>\n<meta property=\"article:modified_time\" content=\"2026-02-05T10:37:55+00:00\" \/>\n<meta name=\"twitter:card\" content=\"summary_large_image\" \/>\n<meta name=\"twitter:label1\" content=\"Gesch\u00e4tzte Lesezeit\" \/>\n\t<meta name=\"twitter:data1\" content=\"2 minutes\" \/>\n<script type=\"application\/ld+json\" class=\"yoast-schema-graph\">{\"@context\":\"https:\/\/schema.org\",\"@graph\":[{\"@type\":\"WebPage\",\"@id\":\"https:\/\/reno-cardan.ch\/de\/\",\"url\":\"https:\/\/reno-cardan.ch\/de\/\",\"name\":\"Home - Reno-Cardan S\u00e0rl\",\"isPartOf\":{\"@id\":\"https:\/\/www.reno-cardan.ch\/#website\"},\"datePublished\":\"2016-07-15T10:32:27+00:00\",\"dateModified\":\"2026-02-05T10:37:55+00:00\",\"description\":\"Dynamisches Auswuchten vor Ort \u2013 ohne Demontage, unter Realbedingungen. Pr\u00e4zision bis 2000 kg. Reno-Cardan: Termin sichern.\",\"breadcrumb\":{\"@id\":\"https:\/\/reno-cardan.ch\/de\/#breadcrumb\"},\"inLanguage\":\"de-DE\",\"potentialAction\":[{\"@type\":\"ReadAction\",\"target\":[\"https:\/\/reno-cardan.ch\/de\/\"]}]},{\"@type\":\"BreadcrumbList\",\"@id\":\"https:\/\/reno-cardan.ch\/de\/#breadcrumb\",\"itemListElement\":[{\"@type\":\"ListItem\",\"position\":1,\"name\":\"Accueil\",\"item\":\"https:\/\/reno-cardan.ch\/de\/\"},{\"@type\":\"ListItem\",\"position\":2,\"name\":\"Home\"}]},{\"@type\":\"WebSite\",\"@id\":\"https:\/\/www.reno-cardan.ch\/#website\",\"url\":\"https:\/\/www.reno-cardan.ch\/\",\"name\":\"Reno-Cardan S\u00e0rl\",\"description\":\"\",\"potentialAction\":[{\"@type\":\"SearchAction\",\"target\":{\"@type\":\"EntryPoint\",\"urlTemplate\":\"https:\/\/www.reno-cardan.ch\/?s={search_term_string}\"},\"query-input\":{\"@type\":\"PropertyValueSpecification\",\"valueRequired\":true,\"valueName\":\"search_term_string\"}}],\"inLanguage\":\"de-DE\"}]}<\/script>\n<!-- \/ Yoast SEO plugin. -->","yoast_head_json":{"title":"Home - Reno-Cardan S\u00e0rl","description":"Dynamisches Auswuchten vor Ort \u2013 ohne Demontage, unter Realbedingungen. Pr\u00e4zision bis 2000 kg. Reno-Cardan: Termin sichern.","robots":{"index":"index","follow":"follow","max-snippet":"max-snippet:-1","max-image-preview":"max-image-preview:large","max-video-preview":"max-video-preview:-1"},"canonical":"https:\/\/reno-cardan.ch\/de\/","og_locale":"de_DE","og_type":"article","og_title":"Home - Reno-Cardan S\u00e0rl","og_description":"Dynamisches Auswuchten vor Ort \u2013 ohne Demontage, unter Realbedingungen. Pr\u00e4zision bis 2000 kg. Reno-Cardan: Termin sichern.","og_url":"https:\/\/reno-cardan.ch\/de\/","og_site_name":"Reno-Cardan S\u00e0rl","article_modified_time":"2026-02-05T10:37:55+00:00","twitter_card":"summary_large_image","twitter_misc":{"Gesch\u00e4tzte Lesezeit":"2 minutes"},"schema":{"@context":"https:\/\/schema.org","@graph":[{"@type":"WebPage","@id":"https:\/\/reno-cardan.ch\/de\/","url":"https:\/\/reno-cardan.ch\/de\/","name":"Home - Reno-Cardan S\u00e0rl","isPartOf":{"@id":"https:\/\/www.reno-cardan.ch\/#website"},"datePublished":"2016-07-15T10:32:27+00:00","dateModified":"2026-02-05T10:37:55+00:00","description":"Dynamisches Auswuchten vor Ort \u2013 ohne Demontage, unter Realbedingungen. Pr\u00e4zision bis 2000 kg. Reno-Cardan: Termin sichern.","breadcrumb":{"@id":"https:\/\/reno-cardan.ch\/de\/#breadcrumb"},"inLanguage":"de-DE","potentialAction":[{"@type":"ReadAction","target":["https:\/\/reno-cardan.ch\/de\/"]}]},{"@type":"BreadcrumbList","@id":"https:\/\/reno-cardan.ch\/de\/#breadcrumb","itemListElement":[{"@type":"ListItem","position":1,"name":"Accueil","item":"https:\/\/reno-cardan.ch\/de\/"},{"@type":"ListItem","position":2,"name":"Home"}]},{"@type":"WebSite","@id":"https:\/\/www.reno-cardan.ch\/#website","url":"https:\/\/www.reno-cardan.ch\/","name":"Reno-Cardan S\u00e0rl","description":"","potentialAction":[{"@type":"SearchAction","target":{"@type":"EntryPoint","urlTemplate":"https:\/\/www.reno-cardan.ch\/?s={search_term_string}"},"query-input":{"@type":"PropertyValueSpecification","valueRequired":true,"valueName":"search_term_string"}}],"inLanguage":"de-DE"}]}},"_links":{"self":[{"href":"https:\/\/equilibrage-industriel.ch\/de\/wp-json\/wp\/v2\/pages\/282","targetHints":{"allow":["GET"]}}],"collection":[{"href":"https:\/\/equilibrage-industriel.ch\/de\/wp-json\/wp\/v2\/pages"}],"about":[{"href":"https:\/\/equilibrage-industriel.ch\/de\/wp-json\/wp\/v2\/types\/page"}],"author":[{"embeddable":true,"href":"https:\/\/equilibrage-industriel.ch\/de\/wp-json\/wp\/v2\/users\/1"}],"replies":[{"embeddable":true,"href":"https:\/\/equilibrage-industriel.ch\/de\/wp-json\/wp\/v2\/comments?post=282"}],"version-history":[{"count":21,"href":"https:\/\/equilibrage-industriel.ch\/de\/wp-json\/wp\/v2\/pages\/282\/revisions"}],"predecessor-version":[{"id":2540,"href":"https:\/\/equilibrage-industriel.ch\/de\/wp-json\/wp\/v2\/pages\/282\/revisions\/2540"}],"wp:attachment":[{"href":"https:\/\/equilibrage-industriel.ch\/de\/wp-json\/wp\/v2\/media?parent=282"}],"curies":[{"name":"wp","href":"https:\/\/api.w.org\/{rel}","templated":true}]}}